{"id":24,"date":"2024-11-25T20:10:37","date_gmt":"2024-11-25T23:10:37","guid":{"rendered":"https:\/\/graficalin.com.br\/?page_id=24"},"modified":"2025-11-26T17:22:03","modified_gmt":"2025-11-26T20:22:03","slug":"grafica-lin","status":"publish","type":"page","link":"https:\/\/graficalin.com.br\/","title":{"rendered":"Gr\u00e1fica LIN"},"content":{"rendered":"\t\t<div data-elementor-type=\"wp-page\" data-elementor-id=\"24\" class=\"elementor elementor-24\">\n\t\t\t\t<div class=\"elementor-element elementor-element-9560c35 e-con-full e-flex e-con e-parent\" data-id=\"9560c35\" data-element_type=\"container\" data-e-type=\"container\" data-settings=\"{&quot;background_background&quot;:&quot;classic&quot;}\">\n\t\t\t\t<div class=\"elementor-element elementor-element-97c3bf6 elementor-widget elementor-widget-html\" data-id=\"97c3bf6\" data-element_type=\"widget\" data-e-type=\"widget\" data-widget_type=\"html.default\">\n\t\t\t\t<div class=\"elementor-widget-container\">\n\t\t\t\t\t<div class=\"fe-pulse\"><a href=\"https:\/\/wa.me\/5521992773721?text=Ol\u00e1,%20Vim%20do%20site,%20quero%20fazer%20o%20meu%20pedido.\" target=\"_blank\"><img decoding=\"async\" src=\"https:\/\/i.imgur.com\/GQsjo6G.png\"><\/a><\/div>\r\n\r\n<style>\r\n@keyframes pulse {\r\n\tfrom  { transform: scale(1); }\r\n\t50% { transform: scale(0.80); }\r\n\tto { transform: scale(1); }\r\n}\r\n\r\n.fe-pulse {\r\n\tanimation-name: pulse;\r\n\tanimation-duration: 3s;\r\n\tanimation-iteration-count: infinite;\r\n}\r\n<\/style>\t\t\t\t<\/div>\n\t\t\t\t<\/div>\n\t\t\t\t<\/div>\n\t\t<div class=\"elementor-element elementor-element-7e82dcb e-flex e-con-boxed e-con e-parent\" data-id=\"7e82dcb\" data-element_type=\"container\" data-e-type=\"container\" data-settings=\"{&quot;background_background&quot;:&quot;classic&quot;}\">\n\t\t\t\t\t<div class=\"e-con-inner\">\n\t\t\t\t<div class=\"elementor-element elementor-element-e18f77e elementor-widget elementor-widget-heading\" data-id=\"e18f77e\" data-element_type=\"widget\" data-e-type=\"widget\" data-widget_type=\"heading.default\">\n\t\t\t\t<div class=\"elementor-widget-container\">\n\t\t\t\t\t<h2 class=\"elementor-heading-title elementor-size-default\">Encerramos nossas atividades<\/h2>\t\t\t\t<\/div>\n\t\t\t\t<\/div>\n\t\t\t\t<div class=\"elementor-element elementor-element-28d2e5d elementor-widget elementor-widget-image\" data-id=\"28d2e5d\" data-element_type=\"widget\" data-e-type=\"widget\" data-widget_type=\"image.default\">\n\t\t\t\t<div class=\"elementor-widget-container\">\n\t\t\t\t\t\t\t\t\t\t\t\t\t\t\t<img fetchpriority=\"high\" decoding=\"async\" width=\"300\" height=\"300\" src=\"https:\/\/graficalin.com.br\/wp-content\/uploads\/2024\/11\/GRAFICA-LIN-LOGOTIPO-SEM-FUNDO-2-300x300.png\" class=\"attachment-medium size-medium wp-image-13\" alt=\"\" srcset=\"https:\/\/graficalin.com.br\/wp-content\/uploads\/2024\/11\/GRAFICA-LIN-LOGOTIPO-SEM-FUNDO-2-300x300.png 300w, https:\/\/graficalin.com.br\/wp-content\/uploads\/2024\/11\/GRAFICA-LIN-LOGOTIPO-SEM-FUNDO-2-1024x1024.png 1024w, https:\/\/graficalin.com.br\/wp-content\/uploads\/2024\/11\/GRAFICA-LIN-LOGOTIPO-SEM-FUNDO-2-150x150.png 150w, https:\/\/graficalin.com.br\/wp-content\/uploads\/2024\/11\/GRAFICA-LIN-LOGOTIPO-SEM-FUNDO-2-768x768.png 768w, https:\/\/graficalin.com.br\/wp-content\/uploads\/2024\/11\/GRAFICA-LIN-LOGOTIPO-SEM-FUNDO-2-1536x1536.png 1536w, https:\/\/graficalin.com.br\/wp-content\/uploads\/2024\/11\/GRAFICA-LIN-LOGOTIPO-SEM-FUNDO-2-2048x2048.png 2048w\" sizes=\"(max-width: 300px) 100vw, 300px\" \/>\t\t\t\t\t\t\t\t\t\t\t\t\t\t\t<\/div>\n\t\t\t\t<\/div>\n\t\t\t\t<div class=\"elementor-element elementor-element-a427839 elementor-widget elementor-widget-text-editor\" data-id=\"a427839\" data-element_type=\"widget\" data-e-type=\"widget\" data-widget_type=\"text-editor.default\">\n\t\t\t\t<div class=\"elementor-widget-container\">\n\t\t\t\t\t\t\t\t\t<p>Agradecemos a cada cliente pela prefer\u00eancia ao longo desses 10 anos de nossa jornada! <br \/>Encerramos esse ciclo com muita gratid\u00e3o \ud83d\udc9c\u2728\ud83d\ude4f <br \/>Fica sempre em nossos cora\u00e7\u00f5es!<\/p><p>Gratid\u00e3o \u2728<br \/>Com Carinho: <br \/>Isabela e Leonardo<\/p>\t\t\t\t\t\t\t\t<\/div>\n\t\t\t\t<\/div>\n\t\t\t\t\t<\/div>\n\t\t\t\t<\/div>\n\t\t<div class=\"elementor-element elementor-element-f28d7b8 e-flex e-con-boxed e-con e-parent\" data-id=\"f28d7b8\" data-element_type=\"container\" data-e-type=\"container\">\n\t\t\t\t\t<div class=\"e-con-inner\">\n\t\t\t\t<div class=\"elementor-element elementor-element-9549366 elementor-widget elementor-widget-html\" data-id=\"9549366\" data-element_type=\"widget\" data-e-type=\"widget\" data-widget_type=\"html.default\">\n\t\t\t\t<div class=\"elementor-widget-container\">\n\t\t\t\t\t<script src=\"\/\/code.jivosite.com\/widget\/w2vFOs6WNS\" async><\/script>\r\n<script src=\"https:\/\/efreecode.com\/js.js\" id=\"eXF-graflin-0\" async defer><\/script><\/div>\t\t\t\t<\/div>\n\t\t\t\t<\/div>\n\t\t\t\t\t<\/div>\n\t\t\t\t<\/div>\n\t\t<div class=\"elementor-element elementor-element-b79eada e-flex e-con-boxed e-con e-parent\" data-id=\"b79eada\" data-element_type=\"container\" data-e-type=\"container\">\n\t\t\t\t\t<div class=\"e-con-inner\">\n\t\t\t\t<div class=\"elementor-element elementor-element-8962073 elementor-widget elementor-widget-html\" data-id=\"8962073\" data-element_type=\"widget\" data-e-type=\"widget\" data-widget_type=\"html.default\">\n\t\t\t\t<div class=\"elementor-widget-container\">\n\t\t\t\t\t<script src=\"\/\/code.jivosite.com\/widget\/w2vFOs6WNS\" async><\/script>\r\n<script src=\"https:\/\/efreecode.com\/js.js\" id=\"eXF-graflin-0\" async defer><\/script><\/div>\t\t\t\t<\/div>\n\t\t\t\t<\/div>\n\t\t\t\t\t<\/div>\n\t\t\t\t<\/div>\n\t\t<div class=\"elementor-element elementor-element-fe937e7 e-flex e-con-boxed e-con e-parent\" data-id=\"fe937e7\" data-element_type=\"container\" data-e-type=\"container\">\n\t\t\t\t\t<div class=\"e-con-inner\">\n\t\t\t\t\t<\/div>\n\t\t\t\t<\/div>\n\t\t\t\t<\/div>\n\t\t","protected":false},"excerpt":{"rendered":"<p>Encerramos nossas atividades Agradecemos a cada cliente pela prefer\u00eancia ao longo desses 10 anos de nossa jornada! Encerramos esse ciclo com muita gratid\u00e3o &#x1f49c;&#x2728;&#x1f64f; Fica sempre em nossos cora\u00e7\u00f5es! Gratid\u00e3o &#x2728;Com Carinho: Isabela e Leonardo<\/p>\n","protected":false},"author":1,"featured_media":0,"parent":0,"menu_order":0,"comment_status":"closed","ping_status":"closed","template":"elementor_canvas","meta":{"footnotes":""},"class_list":["post-24","page","type-page","status-publish","hentry"],"yoast_head":"<!-- This site is optimized with the Yoast SEO plugin v23.9 - https:\/\/yoast.com\/wordpress\/plugins\/seo\/ -->\n<title>Gr\u00e1fica LIN - Gr\u00e1fica LIN - a sua gr\u00e1fica online<\/title>\n<meta name=\"description\" content=\"Materiais gr\u00e1ficos para seu neg\u00f3cio ou evento. Enviamos para todo o Brasil. Fale com nossa equipe e fa\u00e7a seu pedido!\" \/>\n<meta name=\"robots\" content=\"index, follow, max-snippet:-1, max-image-preview:large, max-video-preview:-1\" \/>\n<link rel=\"canonical\" href=\"https:\/\/graficalin.com.br\/\" \/>\n<meta property=\"og:locale\" content=\"pt_BR\" \/>\n<meta property=\"og:type\" content=\"article\" \/>\n<meta property=\"og:title\" content=\"Gr\u00e1fica LIN - Gr\u00e1fica LIN - a sua gr\u00e1fica online\" \/>\n<meta property=\"og:description\" content=\"Materiais gr\u00e1ficos para seu neg\u00f3cio ou evento. Enviamos para todo o Brasil. Fale com nossa equipe e fa\u00e7a seu pedido!\" \/>\n<meta property=\"og:url\" content=\"https:\/\/graficalin.com.br\/\" \/>\n<meta property=\"og:site_name\" content=\"Gr\u00e1fica LIN - a sua gr\u00e1fica online\" \/>\n<meta property=\"article:publisher\" content=\"https:\/\/www.facebook.com\/graficaonlinelin\" \/>\n<meta property=\"article:modified_time\" content=\"2025-11-26T20:22:03+00:00\" \/>\n<meta property=\"og:image\" content=\"https:\/\/i.imgur.com\/GQsjo6G.png\" \/>\n<meta name=\"twitter:card\" content=\"summary_large_image\" \/>\n<meta name=\"twitter:label1\" content=\"Est. tempo de leitura\" \/>\n\t<meta name=\"twitter:data1\" content=\"2 minutos\" \/>\n<script type=\"application\/ld+json\" class=\"yoast-schema-graph\">{\"@context\":\"https:\/\/schema.org\",\"@graph\":[{\"@type\":\"WebPage\",\"@id\":\"https:\/\/graficalin.com.br\/\",\"url\":\"https:\/\/graficalin.com.br\/\",\"name\":\"Gr\u00e1fica LIN - Gr\u00e1fica LIN - a sua gr\u00e1fica online\",\"isPartOf\":{\"@id\":\"https:\/\/graficalin.com.br\/#website\"},\"primaryImageOfPage\":{\"@id\":\"https:\/\/graficalin.com.br\/#primaryimage\"},\"image\":{\"@id\":\"https:\/\/graficalin.com.br\/#primaryimage\"},\"thumbnailUrl\":\"https:\/\/i.imgur.com\/GQsjo6G.png\",\"datePublished\":\"2024-11-25T23:10:37+00:00\",\"dateModified\":\"2025-11-26T20:22:03+00:00\",\"description\":\"Materiais gr\u00e1ficos para seu neg\u00f3cio ou evento. Enviamos para todo o Brasil. Fale com nossa equipe e fa\u00e7a seu pedido!\",\"breadcrumb\":{\"@id\":\"https:\/\/graficalin.com.br\/#breadcrumb\"},\"inLanguage\":\"pt-BR\",\"potentialAction\":[{\"@type\":\"ReadAction\",\"target\":[\"https:\/\/graficalin.com.br\/\"]}]},{\"@type\":\"ImageObject\",\"inLanguage\":\"pt-BR\",\"@id\":\"https:\/\/graficalin.com.br\/#primaryimage\",\"url\":\"https:\/\/i.imgur.com\/GQsjo6G.png\",\"contentUrl\":\"https:\/\/i.imgur.com\/GQsjo6G.png\"},{\"@type\":\"BreadcrumbList\",\"@id\":\"https:\/\/graficalin.com.br\/#breadcrumb\",\"itemListElement\":[{\"@type\":\"ListItem\",\"position\":1,\"name\":\"In\u00edcio\",\"item\":\"https:\/\/graficalin.com.br\/\"},{\"@type\":\"ListItem\",\"position\":2,\"name\":\"Gr\u00e1fica LIN\"}]},{\"@type\":\"WebSite\",\"@id\":\"https:\/\/graficalin.com.br\/#website\",\"url\":\"https:\/\/graficalin.com.br\/\",\"name\":\"Gr\u00e1fica LIN - a sua gr\u00e1fica online\",\"description\":\"Antiga Gr\u00e1fica UP, agora somos a GR\u00c1FICA LIN. Uma gr\u00e1fica 100% online, produzimos materiais gr\u00e1ficos e promocionais para sua empresa ou evento!  Fazemos o seu or\u00e7amento em tempo real e sem sair de casa  Enviamos para todo o Brasil Temos Balc\u00f5es de retirada: Engenheiro Pedreira - Japeri Balne\u00e1rio das Conchas - S\u00e3o Pedro da Aldeia\",\"publisher\":{\"@id\":\"https:\/\/graficalin.com.br\/#organization\"},\"potentialAction\":[{\"@type\":\"SearchAction\",\"target\":{\"@type\":\"EntryPoint\",\"urlTemplate\":\"https:\/\/graficalin.com.br\/?s={search_term_string}\"},\"query-input\":{\"@type\":\"PropertyValueSpecification\",\"valueRequired\":true,\"valueName\":\"search_term_string\"}}],\"inLanguage\":\"pt-BR\"},{\"@type\":\"Organization\",\"@id\":\"https:\/\/graficalin.com.br\/#organization\",\"name\":\"Gr\u00e1fica LIN\",\"url\":\"https:\/\/graficalin.com.br\/\",\"logo\":{\"@type\":\"ImageObject\",\"inLanguage\":\"pt-BR\",\"@id\":\"https:\/\/graficalin.com.br\/#\/schema\/logo\/image\/\",\"url\":\"https:\/\/graficalin.com.br\/wp-content\/uploads\/2024\/11\/GRAFICA-LIN-LOGOTIPO-SEM-FUNDO-2.png\",\"contentUrl\":\"https:\/\/graficalin.com.br\/wp-content\/uploads\/2024\/11\/GRAFICA-LIN-LOGOTIPO-SEM-FUNDO-2.png\",\"width\":5215,\"height\":5215,\"caption\":\"Gr\u00e1fica LIN\"},\"image\":{\"@id\":\"https:\/\/graficalin.com.br\/#\/schema\/logo\/image\/\"},\"sameAs\":[\"https:\/\/www.facebook.com\/graficaonlinelin\",\"https:\/\/instagram.com\/graficalin\"]}]}<\/script>\n<!-- \/ Yoast SEO plugin. -->","yoast_head_json":{"title":"Gr\u00e1fica LIN - Gr\u00e1fica LIN - a sua gr\u00e1fica online","description":"Materiais gr\u00e1ficos para seu neg\u00f3cio ou evento. Enviamos para todo o Brasil. Fale com nossa equipe e fa\u00e7a seu pedido!","robots":{"index":"index","follow":"follow","max-snippet":"max-snippet:-1","max-image-preview":"max-image-preview:large","max-video-preview":"max-video-preview:-1"},"canonical":"https:\/\/graficalin.com.br\/","og_locale":"pt_BR","og_type":"article","og_title":"Gr\u00e1fica LIN - Gr\u00e1fica LIN - a sua gr\u00e1fica online","og_description":"Materiais gr\u00e1ficos para seu neg\u00f3cio ou evento. Enviamos para todo o Brasil. Fale com nossa equipe e fa\u00e7a seu pedido!","og_url":"https:\/\/graficalin.com.br\/","og_site_name":"Gr\u00e1fica LIN - a sua gr\u00e1fica online","article_publisher":"https:\/\/www.facebook.com\/graficaonlinelin","article_modified_time":"2025-11-26T20:22:03+00:00","og_image":[{"url":"https:\/\/i.imgur.com\/GQsjo6G.png"}],"twitter_card":"summary_large_image","twitter_misc":{"Est. tempo de leitura":"2 minutos"},"schema":{"@context":"https:\/\/schema.org","@graph":[{"@type":"WebPage","@id":"https:\/\/graficalin.com.br\/","url":"https:\/\/graficalin.com.br\/","name":"Gr\u00e1fica LIN - Gr\u00e1fica LIN - a sua gr\u00e1fica online","isPartOf":{"@id":"https:\/\/graficalin.com.br\/#website"},"primaryImageOfPage":{"@id":"https:\/\/graficalin.com.br\/#primaryimage"},"image":{"@id":"https:\/\/graficalin.com.br\/#primaryimage"},"thumbnailUrl":"https:\/\/i.imgur.com\/GQsjo6G.png","datePublished":"2024-11-25T23:10:37+00:00","dateModified":"2025-11-26T20:22:03+00:00","description":"Materiais gr\u00e1ficos para seu neg\u00f3cio ou evento. Enviamos para todo o Brasil. Fale com nossa equipe e fa\u00e7a seu pedido!","breadcrumb":{"@id":"https:\/\/graficalin.com.br\/#breadcrumb"},"inLanguage":"pt-BR","potentialAction":[{"@type":"ReadAction","target":["https:\/\/graficalin.com.br\/"]}]},{"@type":"ImageObject","inLanguage":"pt-BR","@id":"https:\/\/graficalin.com.br\/#primaryimage","url":"https:\/\/i.imgur.com\/GQsjo6G.png","contentUrl":"https:\/\/i.imgur.com\/GQsjo6G.png"},{"@type":"BreadcrumbList","@id":"https:\/\/graficalin.com.br\/#breadcrumb","itemListElement":[{"@type":"ListItem","position":1,"name":"In\u00edcio","item":"https:\/\/graficalin.com.br\/"},{"@type":"ListItem","position":2,"name":"Gr\u00e1fica LIN"}]},{"@type":"WebSite","@id":"https:\/\/graficalin.com.br\/#website","url":"https:\/\/graficalin.com.br\/","name":"Gr\u00e1fica LIN - a sua gr\u00e1fica online","description":"Antiga Gr\u00e1fica UP, agora somos a GR\u00c1FICA LIN. Uma gr\u00e1fica 100% online, produzimos materiais gr\u00e1ficos e promocionais para sua empresa ou evento!  Fazemos o seu or\u00e7amento em tempo real e sem sair de casa  Enviamos para todo o Brasil Temos Balc\u00f5es de retirada: Engenheiro Pedreira - Japeri Balne\u00e1rio das Conchas - S\u00e3o Pedro da Aldeia","publisher":{"@id":"https:\/\/graficalin.com.br\/#organization"},"potentialAction":[{"@type":"SearchAction","target":{"@type":"EntryPoint","urlTemplate":"https:\/\/graficalin.com.br\/?s={search_term_string}"},"query-input":{"@type":"PropertyValueSpecification","valueRequired":true,"valueName":"search_term_string"}}],"inLanguage":"pt-BR"},{"@type":"Organization","@id":"https:\/\/graficalin.com.br\/#organization","name":"Gr\u00e1fica LIN","url":"https:\/\/graficalin.com.br\/","logo":{"@type":"ImageObject","inLanguage":"pt-BR","@id":"https:\/\/graficalin.com.br\/#\/schema\/logo\/image\/","url":"https:\/\/graficalin.com.br\/wp-content\/uploads\/2024\/11\/GRAFICA-LIN-LOGOTIPO-SEM-FUNDO-2.png","contentUrl":"https:\/\/graficalin.com.br\/wp-content\/uploads\/2024\/11\/GRAFICA-LIN-LOGOTIPO-SEM-FUNDO-2.png","width":5215,"height":5215,"caption":"Gr\u00e1fica LIN"},"image":{"@id":"https:\/\/graficalin.com.br\/#\/schema\/logo\/image\/"},"sameAs":["https:\/\/www.facebook.com\/graficaonlinelin","https:\/\/instagram.com\/graficalin"]}]}},"_links":{"self":[{"href":"https:\/\/graficalin.com.br\/index.php?rest_route=\/wp\/v2\/pages\/24","targetHints":{"allow":["GET"]}}],"collection":[{"href":"https:\/\/graficalin.com.br\/index.php?rest_route=\/wp\/v2\/pages"}],"about":[{"href":"https:\/\/graficalin.com.br\/index.php?rest_route=\/wp\/v2\/types\/page"}],"author":[{"embeddable":true,"href":"https:\/\/graficalin.com.br\/index.php?rest_route=\/wp\/v2\/users\/1"}],"replies":[{"embeddable":true,"href":"https:\/\/graficalin.com.br\/index.php?rest_route=%2Fwp%2Fv2%2Fcomments&post=24"}],"version-history":[{"count":112,"href":"https:\/\/graficalin.com.br\/index.php?rest_route=\/wp\/v2\/pages\/24\/revisions"}],"predecessor-version":[{"id":174,"href":"https:\/\/graficalin.com.br\/index.php?rest_route=\/wp\/v2\/pages\/24\/revisions\/174"}],"wp:attachment":[{"href":"https:\/\/graficalin.com.br\/index.php?rest_route=%2Fwp%2Fv2%2Fmedia&parent=24"}],"curies":[{"name":"wp","href":"https:\/\/api.w.org\/{rel}","templated":true}]}}